{"id":211,"date":"2014-08-07T07:11:24","date_gmt":"2014-08-07T07:11:24","guid":{"rendered":"http:\/\/localhost\/philanthropy\/?page_id=211"},"modified":"2016-07-27T13:56:30","modified_gmt":"2016-07-27T11:56:30","slug":"pina-team","status":"publish","type":"page","link":"http:\/\/stara.pina.si\/en\/pina-team\/","title":{"rendered":"<span>PINA Team<\/span>"},"content":{"rendered":"<p>\n<br \/>\n<div class=\"our-team\"><div class=\"col-lg-3 col-md-3 col-sm-6 col-xs-6\">\r\n                            <div class=\"image-our-team\">\r\n                                <img src=\"http:\/\/stara.pina.si\/wp-content\/uploads\/2014\/08\/vid-12-270x270.jpg\" alt=\"<span><a title=\"VID TRATNIK\" href=\"http:\/\/www.pina.si\/en\/vid-tratnik\">VID TRATNIK<\/a><\/span>\">\r\n                            <\/div>\r\n                            <h3><span><a title=\"VID TRATNIK\" href=\"http:\/\/www.pina.si\/en\/vid-tratnik\">VID TRATNIK<\/a><\/span><\/h3>\r\n                            <span class=\"function\">President vid.tratnik@pina.si<\/span>\r\n                        <\/div><div class=\"col-lg-3 col-md-3 col-sm-6 col-xs-6\">\r\n                            <div class=\"image-our-team\">\r\n                                <img src=\"http:\/\/stara.pina.si\/wp-content\/uploads\/2014\/08\/kaja-12-270x270.jpg\" alt=\"<span><a title=\"KAJA CUNK\" href=\"http:\/\/www.pina.si\/en\/kaja-cunk\/\">KAJA CUNK<\/a><\/span>\">\r\n                            <\/div>\r\n                            <h3><span><a title=\"KAJA CUNK\" href=\"http:\/\/www.pina.si\/en\/kaja-cunk\/\">KAJA CUNK<\/a><\/span><\/h3>\r\n                            <span class=\"function\">Expert associate kaja.cunk@pina.si<\/span>\r\n                        <\/div><div class=\"col-lg-3 col-md-3 col-sm-6 col-xs-6\">\r\n                            <div class=\"image-our-team\">\r\n                                <img src=\"http:\/\/stara.pina.si\/wp-content\/uploads\/2014\/08\/borut-12-270x270.jpg\" alt=\"<span><a title=\"BORUT JERMAN\" href=\"http:\/\/www.pina.si\/en\/borut-jerman\/\">BORUT JERMAN<\/a><\/span>\">\r\n                            <\/div>\r\n                            <h3><span><a title=\"BORUT JERMAN\" href=\"http:\/\/www.pina.si\/en\/borut-jerman\/\">BORUT JERMAN<\/a><\/span><\/h3>\r\n                            <span class=\"function\">Coordinator of expert work, vice president borut.jerman@pina.si<\/span>\r\n                        <\/div><div class=\"col-lg-3 col-md-3 col-sm-6 col-xs-6\">\r\n                            <div class=\"image-our-team\">\r\n                                <img src=\"http:\/\/stara.pina.si\/wp-content\/uploads\/2014\/08\/30582367_10215210249872600_6353897106427609088_n-12-270x270.jpg\" alt=\"<span><a title=\"DARJA ORA\u017dEM\" href=\"http:\/\/www.pina.si\/en\/darja-orazem\/\">DARJA ORA\u017dEM<\/a><\/span>\">\r\n                            <\/div>\r\n                            <h3><span><a title=\"DARJA ORA\u017dEM\" href=\"http:\/\/www.pina.si\/en\/darja-orazem\/\">DARJA ORA\u017dEM<\/a><\/span><\/h3>\r\n                            <span class=\"function\">Head of communications darja.orazem@pina.si<\/span>\r\n                        <\/div><div class=\"col-lg-3 col-md-3 col-sm-6 col-xs-6\">\r\n                            <div class=\"image-our-team\">\r\n                                <img src=\"http:\/\/stara.pina.si\/wp-content\/uploads\/2014\/08\/mirna-12-270x270.jpg\" alt=\"<span><a title=\"MIRNA BUI\u0106\" href=\"http:\/\/www.pina.si\/en\/mirna-buic\/\">MIRNA BUI\u0106<\/a><\/span>\">\r\n                            <\/div>\r\n                            <h3><span><a title=\"MIRNA BUI\u0106\" href=\"http:\/\/www.pina.si\/en\/mirna-buic\/\">MIRNA BUI\u0106<\/a><\/span><\/h3>\r\n                            <span class=\"function\">Expert associate mirna.buic@pina.si<\/span>\r\n                        <\/div><div class=\"col-lg-3 col-md-3 col-sm-6 col-xs-6\">\r\n                            <div class=\"image-our-team\">\r\n                                <img src=\"http:\/\/stara.pina.si\/wp-content\/uploads\/2014\/08\/maja-12-270x270.jpg\" alt=\"<span><a title=\"MAJA \u0160VARA\" href=\"http:\/\/www.pina.si\/en\/maja-svara\/\">MAJA \u0160VARA<\/a><\/span>\">\r\n                            <\/div>\r\n                            <h3><span><a title=\"MAJA \u0160VARA\" href=\"http:\/\/www.pina.si\/en\/maja-svara\/\">MAJA \u0160VARA<\/a><\/span><\/h3>\r\n                            <span class=\"function\">Head of administration maja.svara@pina.si<\/span>\r\n                        <\/div><div class=\"col-lg-3 col-md-3 col-sm-6 col-xs-6\">\r\n                            <div class=\"image-our-team\">\r\n                                <img src=\"http:\/\/stara.pina.si\/wp-content\/uploads\/2014\/08\/ema-13-270x270.jpg\" alt=\"<span> <a title=\"EMA WEIXLER\" href=\"http:\/\/www.pina.si\/en\/ema-weixler\/\">EMA WEIXLER<\/a><\/span>\">\r\n                            <\/div>\r\n                            <h3><span> <a title=\"EMA WEIXLER\" href=\"http:\/\/www.pina.si\/en\/ema-weixler\/\">EMA WEIXLER<\/a><\/span><\/h3>\r\n                            <span class=\"function\">Expert associate ema.weixler@pina.si<\/span>\r\n                        <\/div><div class=\"col-lg-3 col-md-3 col-sm-6 col-xs-6\">\r\n                            <div class=\"image-our-team\">\r\n                                <img src=\"http:\/\/stara.pina.si\/wp-content\/uploads\/2014\/08\/urska-12-270x270.jpg\" alt=\"<span><a title=\"UR\u0160KA VEZOVNIK\" href=\"http:\/\/www.pina.si\/en\/urska-vezovnik\/\">UR\u0160KA VEZOVNIK<\/a><\/span>\">\r\n                            <\/div>\r\n                            <h3><span><a title=\"UR\u0160KA VEZOVNIK\" href=\"http:\/\/www.pina.si\/en\/urska-vezovnik\/\">UR\u0160KA VEZOVNIK<\/a><\/span><\/h3>\r\n                            <span class=\"function\">Expert associate urska.vezovnik@pina.si<\/span>\r\n                        <\/div><div class=\"col-lg-3 col-md-3 col-sm-6 col-xs-6\">\r\n                            <div class=\"image-our-team\">\r\n                                <img src=\"http:\/\/stara.pina.si\/wp-content\/uploads\/2014\/08\/peter-1-12-270x270.jpg\" alt=\"<span><a title=\"PETER KASTELIC\" href=\"http:\/\/www.pina.si\/en\/peter\">PETER KASTELIC<\/a><\/span>\">\r\n                            <\/div>\r\n                            <h3><span><a title=\"PETER KASTELIC\" href=\"http:\/\/www.pina.si\/en\/peter\">PETER KASTELIC<\/a><\/span><\/h3>\r\n                            <span class=\"function\">Expert associate peter.kastelic@pina.si<\/span>\r\n                        <\/div><div class=\"col-lg-3 col-md-3 col-sm-6 col-xs-6\">\r\n                            <div class=\"image-our-team\">\r\n                                <img src=\"http:\/\/stara.pina.si\/wp-content\/uploads\/2014\/08\/Dijana-web_alittlesmaller-12-270x270.jpg\" alt=\"<span><a title=\"DIJANA HAR\u010cEVI\u0106 \u0106ATI\u0106\" href=\"http:\/\/www.pina.si\/en\/dijana-harcevic-catic\">DIJANA HAR\u010cEVI\u0106 \u0106ATI\u0106<\/a><\/span>\">\r\n                            <\/div>\r\n                            <h3><span><a title=\"DIJANA HAR\u010cEVI\u0106 \u0106ATI\u0106\" href=\"http:\/\/www.pina.si\/en\/dijana-harcevic-catic\">DIJANA HAR\u010cEVI\u0106 \u0106ATI\u0106<\/a><\/span><\/h3>\r\n                            <span class=\"function\">Expert associate dijana.harcevic.catic@pina.si<\/span>\r\n                        <\/div><div class=\"col-lg-3 col-md-3 col-sm-6 col-xs-6\">\r\n                            <div class=\"image-our-team\">\r\n                                <img src=\"http:\/\/stara.pina.si\/wp-content\/uploads\/2014\/08\/mitja-12-270x270.jpg\" alt=\"<span><a title=\"MITJA KLODI\u010c\" href=\"http:\/\/www.pina.si\/en\/mitja-klodic\/\">MITJA KLODI\u010c<\/a><\/span>\">\r\n                            <\/div>\r\n                            <h3><span><a title=\"MITJA KLODI\u010c\" href=\"http:\/\/www.pina.si\/en\/mitja-klodic\/\">MITJA KLODI\u010c<\/a><\/span><\/h3>\r\n                            <span class=\"function\">External collaborator for the field of information society mitja.klodic@pina.si<\/span>\r\n                        <\/div><div class=\"col-lg-3 col-md-3 col-sm-6 col-xs-6\">\r\n                            <div class=\"image-our-team\">\r\n                                <img src=\"http:\/\/stara.pina.si\/wp-content\/uploads\/2014\/08\/gregor-12-270x270.jpg\" alt=\"<span><a title=\"GREGOR SOTLAR\" href=\"http:\/\/www.pina.si\/en\/gregor-sotlar\/\">GREGOR SOTLAR<\/a><\/span>\">\r\n                            <\/div>\r\n                            <h3><span><a title=\"GREGOR SOTLAR\" href=\"http:\/\/www.pina.si\/en\/gregor-sotlar\/\">GREGOR SOTLAR<\/a><\/span><\/h3>\r\n                            <span class=\"function\">Coordinator of the multimedia centre gregor.sotlar@pina.si<\/span>\r\n                        <\/div><\/div><\/p>\n<p><\/p>\n<div class='ctx-module-container ctx_default_placement ctx-clearfix'><\/div>\n<p><span class=\"ctx-article-root\"><!-- --><\/span><\/p>\n","protected":false},"excerpt":{"rendered":"","protected":false},"author":10,"featured_media":0,"parent":0,"menu_order":0,"comment_status":"closed","ping_status":"closed","template":"","meta":{"_mi_skip_tracking":false},"tags":[],"_links":{"self":[{"href":"http:\/\/stara.pina.si\/en\/wp-json\/wp\/v2\/pages\/211"}],"collection":[{"href":"http:\/\/stara.pina.si\/en\/wp-json\/wp\/v2\/pages"}],"about":[{"href":"http:\/\/stara.pina.si\/en\/wp-json\/wp\/v2\/types\/page"}],"author":[{"embeddable":true,"href":"http:\/\/stara.pina.si\/en\/wp-json\/wp\/v2\/users\/10"}],"replies":[{"embeddable":true,"href":"http:\/\/stara.pina.si\/en\/wp-json\/wp\/v2\/comments?post=211"}],"version-history":[{"count":18,"href":"http:\/\/stara.pina.si\/en\/wp-json\/wp\/v2\/pages\/211\/revisions"}],"predecessor-version":[{"id":5442,"href":"http:\/\/stara.pina.si\/en\/wp-json\/wp\/v2\/pages\/211\/revisions\/5442"}],"wp:attachment":[{"href":"http:\/\/stara.pina.si\/en\/wp-json\/wp\/v2\/media?parent=211"}],"wp:term":[{"taxonomy":"post_tag","embeddable":true,"href":"http:\/\/stara.pina.si\/en\/wp-json\/wp\/v2\/tags?post=211"}],"curies":[{"name":"wp","href":"https:\/\/api.w.org\/{rel}","templated":true}]}}