{"id":1188,"date":"2015-04-14T09:26:10","date_gmt":"2015-04-14T09:26:10","guid":{"rendered":"http:\/\/www.pina.si\/?page_id=1188"},"modified":"2015-10-28T14:32:45","modified_gmt":"2015-10-28T13:32:45","slug":"press-releases","status":"publish","type":"page","link":"https:\/\/stara.pina.si\/en\/communication\/press-releases\/","title":{"rendered":"<span>Press releases<\/span>"},"content":{"rendered":"<p><strong>2015<\/strong><\/p>\n<p>22. 10. 2015 &#8211; <a href=\"http:\/\/www.pina.si\/wp-content\/uploads\/2015\/04\/Transfrontaliero_NOTIZIA-ITA_dopo-levento.pdf\">TRANSFRONTALIERO: Una tradizione tra le pi\u00f9 lunghe nel settore della cooperazione, oggi necessita di un aggiornamento \u00a0per garantire nuovi successi<\/a><br \/>\n13. 10. 2015 &#8211; <a href=\"http:\/\/www.pina.si\/wp-content\/uploads\/2015\/04\/Transfrontaliero_PR.pdf\">TRANSFRONTALIERO: Seminario info\/formativo e di networking tra Slovenia ed Italia<\/a><br \/>\n24. 9. 2015 &#8211; <a href=\"http:\/\/www.pina.si\/wp-content\/uploads\/2015\/04\/Vzgano-v-spominih_sporocilo-za-medije2.pdf\">V\u017egano v spominih: Usposabljanje iz ustne zgodovine<\/a><br \/>\n11. 9. 2015 &#8211; <a href=\"http:\/\/www.pina.si\/wp-content\/uploads\/2015\/04\/PiNA_EU-dan-jezikov.pdf\">Esperanto, Braillova pisava in drugi jeziki zdru\u017eeni na Evropski dan jezikov<\/a><br \/>\n7. 9. 2015 &#8211; <a href=\"http:\/\/www.pina.si\/wp-content\/uploads\/2015\/04\/PiNA_Teden-mobilnosti_PAZIBUZO-in-servis-koles1.pdf\">Teden mobilnosti: PAZIBU\u017dO za ve\u010djo varnost kolesarskih poti in brezpla\u010den servis koles<\/a><br \/>\n18. 6. 2015 &#8211; <a href=\"http:\/\/www.pina.si\/wp-content\/uploads\/2015\/04\/PiNA_OKUSI-SVET_sporocilo-za-medije.pdf\">OKUSI SVET: Mednarodni bazar okusov in kultur sveta<\/a><br \/>\n4. 6. 2015 &#8211; <a href=\"http:\/\/www.pina.si\/wp-content\/uploads\/2015\/04\/Sporocilo-za-javnost_Andrej-Koruza_jesusonecstasy_Drobilec-realnosti-premierno.pdf\">Andrej Koruza in jesusonecstasy z instalacijo Drobilec realnosti \/ Reality Grinder premierno na In\\Visible Cities<\/a><br \/>\n29. 05. 2015 &#8211; <a href=\"http:\/\/www.pina.si\/wp-content\/uploads\/2015\/04\/InVisible-Cities-tudi-s-slovenskimi-ustvarjalci_sporocilo-za-medije.pdf\">In\\Visible Cities tudi s slovenskimi ustvarjalci<\/a><br \/>\n20. 05. 2015 &#8211; <a href=\"http:\/\/www.pina.si\/wp-content\/uploads\/2015\/04\/InVisible-Cities_Prijave-na-delavnice_sporocilo-za-medije.pdf\">Odprte prijave na delavnice In\\VisibleCities:\u00a0Soustvarite festival urbane multimedije<\/a><br \/>\n27. 01. 2015 &#8211; <a href=\"http:\/\/www.pina.si\/wp-content\/uploads\/2015\/04\/01_ENA.KOST_Premiera-gledalisca-zatiranih.pdf\" target=\"_blank\">ENA.KOST: Premiera gledali\u0161\u010da zatiranih<\/a><br \/>\n19. 01. 2015 &#8211; <a href=\"http:\/\/www.pina.si\/wp-content\/uploads\/2015\/04\/02_InVisible-Cities_Mednarodni-razpis-za-umetnike.pdf\" target=\"_blank\">InVisible Cities: Mednarodni razpis za umetnike<\/a><br \/>\n08. 01. 2015 &#8211; <a href=\"http:\/\/www.pina.si\/wp-content\/uploads\/2015\/04\/03_ARTEFATTO-10_RESET_Razpis-za-mlade-umetnike.pdf\" target=\"_blank\">ARTEFATTO 10_RESET: Razpis za mlade umetnike<\/a><\/p>\n<p><strong>2014<\/strong><\/p>\n<p>22. 12. 2014 &#8211; <a href=\"http:\/\/www.pina.si\/wp-content\/uploads\/2015\/04\/04_Ziva-knjiznica-v-Ankaranu-navdusila-obiskovalce.pdf\" target=\"_blank\">\u017diva knji\u017dnica v Ankaranu navdu\u0161ila obiskovalce<\/a><br \/>\n19. 12. 2014 &#8211; <a href=\"http:\/\/www.pina.si\/wp-content\/uploads\/2015\/04\/05_Festival-IZIS-II.pdf\" target=\"_blank\">Festival IZIS II<\/a><br \/>\n03. 12. 2014 &#8211; <a href=\"http:\/\/www.pina.si\/wp-content\/uploads\/2015\/04\/06_PiNA-izvedla-analizo-stanja-mladih-v-obalnih-obcinah.pdf\" target=\"_blank\">PiNA izvedla analizo stanja mladih v obalnih obcinah<\/a><br \/>\n23. 10. 2014 &#8211; <a href=\"http:\/\/www.pina.si\/wp-content\/uploads\/2015\/04\/07_ENA.KOST_Gledalisce-zatiranih-za-opolnomocenje-narodnih-skupnosti-narodov-nekdanje-SFRJ.pdf\" target=\"_blank\">ENA.KOST: Gledali\u0161\u010de zatiranih za opolnomo\u010denje narodnih<br \/>\nskupnosti narodov nekdanje SFRJ<\/a><br \/>\n17. 10. 2014 &#8211; <a href=\"http:\/\/www.pina.si\/wp-content\/uploads\/2015\/04\/08_ADD_Delodajalci-vedno-bolj-prepoznavajo-pomen-neformalno-pridobljenih-kompetenc-in-vescin.pdf\" target=\"_blank\">ADD: Delodajalci vedno bolj prepoznavajo pomen neformalno<br \/>\npridobljenih kompetenc in ve\u0161\u010din<\/a><br \/>\n30. 09. 2014 &#8211; <a href=\"http:\/\/www.pina.si\/wp-content\/uploads\/2015\/04\/09_ADD_Mladi-z-veliko-idej-in-kriticnim-ocesom.pdf\" target=\"_blank\">ADD: Mladi z veliko idej in kriti\u010dnim o\u010desom<\/a><br \/>\n05. 09. 2014 &#8211; <a href=\"http:\/\/www.pina.si\/wp-content\/uploads\/2015\/04\/10_ADD_PAZIBUZO_Kolesarski-dogodek-za-mlade.pdf\" target=\"_blank\">ADD: PAZIBU\u017dO &#8211; Kolesarski dogodek za mlade<\/a><br \/>\n03. 09. 2014 &#8211; <a href=\"http:\/\/www.pina.si\/wp-content\/uploads\/2015\/04\/11_ADD_Mlade-zenske-in-varnost-v-mestnih-srediscih.pdf\" target=\"_blank\">ADD: Mlade \u017eenske in varnost v mestnih sredi\u0161\u010dih<\/a><br \/>\n27. 08. 2014 &#8211; <a href=\"http:\/\/www.pina.si\/wp-content\/uploads\/2015\/04\/12_ADD_Do-vecje-vkljucenosti-mladih-in-krepitve-njihovih-socialnih-kompetenc.pdf\" target=\"_blank\">ADD: Do ve\u010dje vklju\u010denosti mladih in krepitve njihovih socialnih kompetenc<\/a><br \/>\n13. 05. 2014 &#8211; <a href=\"http:\/\/www.pina.si\/wp-content\/uploads\/2015\/04\/13_S-projektom-ENA.KOST-do-opolnomocenja-in-enakopravnosti-narodnih-skupnosti-narodov-nekdanje-SFRJ.pdf\" target=\"_blank\">S projektom ENA.KOST do opolnomo\u010denja in enakopravnosti narodnih<br \/>\nskupnosti narodov nekdanje SFRJ<\/a><br \/>\n28. 04. 2014 &#8211; <a href=\"http:\/\/www.pina.si\/wp-content\/uploads\/2015\/04\/14_Zakljucek-projekta-Kulturni-inkubator.pdf\" target=\"_blank\">Zaklju\u010dek projekta Kulturni inkubator<\/a><br \/>\n20. 04. 2014 &#8211; <a href=\"http:\/\/www.pina.si\/wp-content\/uploads\/2015\/04\/15_PiNA-zakljucuje-z-izvajanjem-projekta-EU-SI-TI.pdf\" target=\"_blank\">PiNA zakljucuje z izvajanjem projekta EU SI TI<\/a><br \/>\n18. 04. 2014 &#8211; <a href=\"http:\/\/www.pina.si\/wp-content\/uploads\/2015\/04\/16_EU-SI-TI-Okrogla-miza-Mobilnost-studentov.pdf\" target=\"_blank\">EU SI TI: Okrogla miza Mobilnost \u0161tudentov<\/a><br \/>\n16. 04. 2014 &#8211; <a href=\"http:\/\/www.pina.si\/wp-content\/uploads\/2015\/04\/17_EU-SI-TI-Okrogla-miza-Usposabljanje-in-delo-v-tujini.pdf\" target=\"_blank\">EU SI TI: Okrogla miza Usposabljanje in delo v tujini<\/a><br \/>\n15. 04. 2014 &#8211; <a href=\"http:\/\/www.pina.si\/wp-content\/uploads\/2015\/04\/18_EU-SI-TI-Okrogla-miza-Mlade-zenske-in-politika.pdf\" target=\"_blank\">EU SI TI: Okrogla miza Mlade \u017eenske in politika<\/a><br \/>\n14. 04. 2014 &#8211; <a href=\"http:\/\/www.pina.si\/wp-content\/uploads\/2015\/04\/19_EU-SI-TI_Zmagovalci-delavnic.pdf\" target=\"_blank\">EU SI TI: Zmagovalci delavnic za srednje \u0161ole<\/a><br \/>\n09. 04. 2014 &#8211; <a href=\"http:\/\/www.pina.si\/wp-content\/uploads\/2015\/04\/20_S-pomocjo-Kulturnega-inkubatorja-do-realizacije-stevilnih-kulturnih-projektov-in-dejavnosti.pdf\" target=\"_blank\">S pomo\u010djo Kulturnega inkubatorja do realizacije \u0161tevilnih kulturnih<br \/>\nprojektov in dejavnosti<\/a><br \/>\n07. 04. 2014 &#8211; <a href=\"http:\/\/www.pina.si\/wp-content\/uploads\/2015\/04\/21_EU-SI-TI-Konferenca-Politicna-participacija-in-mladi.pdf\" target=\"_blank\">EU SI TI: Konferenca Politi\u010dna participacija in mladi<\/a><br \/>\n26. 03. 2014 &#8211; <a href=\"http:\/\/www.pina.si\/wp-content\/uploads\/2015\/04\/22_EU-SI-TI-Okrogla-miza-Aktivno-drzavljanstvo-manjsin.pdf\" target=\"_blank\">EU SI TI: Okrogla miza Aktivno dr\u017eavljanstvo manj\u0161in<\/a><br \/>\n24. 03. 2014 &#8211; <a href=\"http:\/\/www.pina.si\/wp-content\/uploads\/2015\/04\/23_EU-SI-TI-Zmagovalci-natecaja-za-logotip-slogan-in-video.pdf\" target=\"_blank\">EU SI TI: Zmagovalci nate\u010daja za logotip, slogan in video<\/a><br \/>\n13. 03. 2014 &#8211; <a href=\"http:\/\/www.pina.si\/wp-content\/uploads\/2015\/04\/24_EU-SI-TI-Konferenca-Pomen-vpliv-in-potencial-aktivnega-drzavljanstva-mladih.pdf\" target=\"_blank\">EU SI TI: Konferenca Pomen, vpliv in potencial aktivnega dr\u017eavljanstva mladih<\/a><br \/>\n10. 03. 2014 &#8211; <a href=\"http:\/\/www.pina.si\/wp-content\/uploads\/2015\/04\/25_Razpis-za-vkljucitev-v-Kulturni-inkubator.pdf\" target=\"_blank\">Razpis za vklju\u010ditev v Kulturni inkubator<\/a><br \/>\n28. 01. 2014 &#8211; <a href=\"http:\/\/www.pina.si\/wp-content\/uploads\/2015\/04\/26_3P-Pesniska-prihodnost-v-PiNI-2014.pdf\" target=\"_blank\">3P Pesni\u0161ka prihodnost v PiNI 2014<\/a><\/p>\n<div class='ctx-module-container ctx_default_placement ctx-clearfix'><\/div>\n<p><span class=\"ctx-article-root\"><!-- --><\/span><\/p>\n","protected":false},"excerpt":{"rendered":"<p>2015 22. 10. 2015 &#8211; TRANSFRONTALIERO: Una tradizione tra le pi\u00f9 lunghe nel settore della cooperazione, oggi necessita di un aggiornamento \u00a0per garantire nuovi successi 13. 10. 2015 &#8211; TRANSFRONTALIERO: Seminario info\/formativo e di networking tra Slovenia ed Italia 24. 9. 2015 &#8211; V\u017egano v spominih: Usposabljanje iz ustne zgodovine<\/p>\n","protected":false},"author":10,"featured_media":0,"parent":879,"menu_order":0,"comment_status":"closed","ping_status":"open","template":"","meta":{"_mi_skip_tracking":false},"tags":[],"_links":{"self":[{"href":"https:\/\/stara.pina.si\/en\/wp-json\/wp\/v2\/pages\/1188"}],"collection":[{"href":"https:\/\/stara.pina.si\/en\/wp-json\/wp\/v2\/pages"}],"about":[{"href":"https:\/\/stara.pina.si\/en\/wp-json\/wp\/v2\/types\/page"}],"author":[{"embeddable":true,"href":"https:\/\/stara.pina.si\/en\/wp-json\/wp\/v2\/users\/10"}],"replies":[{"embeddable":true,"href":"https:\/\/stara.pina.si\/en\/wp-json\/wp\/v2\/comments?post=1188"}],"version-history":[{"count":23,"href":"https:\/\/stara.pina.si\/en\/wp-json\/wp\/v2\/pages\/1188\/revisions"}],"predecessor-version":[{"id":3931,"href":"https:\/\/stara.pina.si\/en\/wp-json\/wp\/v2\/pages\/1188\/revisions\/3931"}],"up":[{"embeddable":true,"href":"https:\/\/stara.pina.si\/en\/wp-json\/wp\/v2\/pages\/879"}],"wp:attachment":[{"href":"https:\/\/stara.pina.si\/en\/wp-json\/wp\/v2\/media?parent=1188"}],"wp:term":[{"taxonomy":"post_tag","embeddable":true,"href":"https:\/\/stara.pina.si\/en\/wp-json\/wp\/v2\/tags?post=1188"}],"curies":[{"name":"wp","href":"https:\/\/api.w.org\/{rel}","templated":true}]}}